{"id":383,"date":"2022-10-17T11:00:30","date_gmt":"2022-10-17T09:00:30","guid":{"rendered":"https:\/\/oefentherapieoosterpoort.nl\/?page_id=383"},"modified":"2022-10-17T11:03:50","modified_gmt":"2022-10-17T09:03:50","slug":"chronische-pijn","status":"publish","type":"page","link":"https:\/\/oefentherapieoosterpoort.nl\/?page_id=383","title":{"rendered":"Chronische pijn"},"content":{"rendered":"\n<p><em>Samen op weg naar beter<\/em><\/p>\n\n\n\n<p>Pijn is een waarschuwing van het lichaam dat er iets niet in orde is en dat\ndaar iets aan gedaan moet worden. Acute pijn heeft meestal een duidelijke\noorzaak, bijvoorbeeld een verwonding of infectie. Na een tijdje rust of\nbehandeling van de oorzaak gaat deze pijn weer over. Acute pijn is dus nuttig.\nPijn kan echter ook chronisch worden. We spreken van chronische pijn, wanneer\npijnklachten langer dan 6 weken blijven bestaan, terwijl de oorzaak van de pijn\nverdwenen is. De pijn heeft dan geen waarschuwingsfunctie meer en er is geen\n\u00e9\u00e9n op \u00e9\u00e9n relatie (meer) met het oorspronkelijk letsel.<\/p>\n\n\n\n<p>De pijn gaat als het ware een eigen leven leiden, met gevolgen voor het\ndagelijks leven. U gaat bijvoorbeeld bepaalde bewegingen vermijden uit angst\nvoor de pijn, omdat deze als acute pijn blijft aanvoelen. Of u bijt zich juist\ndoor de pijn heen, wat bij heftige pijn moeilijk of niet vol te houden is.\nGoede begeleiding door een therapeut die zich geschoold heeft in chronische pijn\nkan u helpen weer grip te krijgen op uw klachten.<\/p>\n\n\n\n<p>Voor meer informatie over de behandeling bij chronische pijn: <\/p>\n\n\n\n<p><a href=\"http:\/\/www.netwerkchronischepijn.nl\" target=\"_blank\" rel=\"noreferrer noopener\" aria-label=\" (opent in een nieuwe tab)\">www.netwerkchronischepijn.nl<\/a> <\/p>\n","protected":false},"excerpt":{"rendered":"<p>Samen op weg naar beter Pijn is een waarschuwing van het lichaam dat er iets niet in orde is en dat daar iets aan gedaan moet worden. Acute pijn heeft meestal een duidelijke oorzaak, bijvoorbeeld een verwonding of infectie. Na een tijdje rust of behandeling van de oorzaak gaat deze pijn weer over. Acute pijn [&hellip;]<\/p>\n","protected":false},"author":1,"featured_media":0,"parent":0,"menu_order":0,"comment_status":"closed","ping_status":"closed","template":"","meta":{"footnotes":""},"class_list":["post-383","page","type-page","status-publish","hentry"],"_links":{"self":[{"href":"https:\/\/oefentherapieoosterpoort.nl\/index.php?rest_route=\/wp\/v2\/pages\/383"}],"collection":[{"href":"https:\/\/oefentherapieoosterpoort.nl\/index.php?rest_route=\/wp\/v2\/pages"}],"about":[{"href":"https:\/\/oefentherapieoosterpoort.nl\/index.php?rest_route=\/wp\/v2\/types\/page"}],"author":[{"embeddable":true,"href":"https:\/\/oefentherapieoosterpoort.nl\/index.php?rest_route=\/wp\/v2\/users\/1"}],"replies":[{"embeddable":true,"href":"https:\/\/oefentherapieoosterpoort.nl\/index.php?rest_route=%2Fwp%2Fv2%2Fcomments&post=383"}],"version-history":[{"count":2,"href":"https:\/\/oefentherapieoosterpoort.nl\/index.php?rest_route=\/wp\/v2\/pages\/383\/revisions"}],"predecessor-version":[{"id":388,"href":"https:\/\/oefentherapieoosterpoort.nl\/index.php?rest_route=\/wp\/v2\/pages\/383\/revisions\/388"}],"wp:attachment":[{"href":"https:\/\/oefentherapieoosterpoort.nl\/index.php?rest_route=%2Fwp%2Fv2%2Fmedia&parent=383"}],"curies":[{"name":"wp","href":"https:\/\/api.w.org\/{rel}","templated":true}]}}